{"id":1640,"date":"2024-06-14T16:01:52","date_gmt":"2024-06-14T21:01:52","guid":{"rendered":"https:\/\/dtravelsas.com\/home\/"},"modified":"2024-06-18T23:04:55","modified_gmt":"2024-06-19T04:04:55","slug":"home","status":"publish","type":"page","link":"https:\/\/dtravelsas.com\/es\/","title":{"rendered":"Inicio"},"content":{"rendered":"<div class=\"wp-block-uagb-container uagb-block-494c42c4 alignfull uagb-is-root-container\"><div class=\"uagb-container__video-wrap\"><video autoplay loop muted playsinline><source src=\"https:\/\/dtravelsas.com\/wp-content\/uploads\/2024\/06\/pinterestdownloader.com-1716521453.15572.mp4\" type=\"video\/mp4\"\/><\/video><\/div><div class=\"uagb-container-inner-blocks-wrap\">\n<div class=\"wp-block-uagb-info-box uagb-block-cd2517a4 uagb-infobox__content-wrap  uagb-infobox-icon-above-title uagb-infobox-image-valign-top wp-block-uagb-info-box--has-margin\"><div class=\"uagb-infobox-margin-wrapper\"><div class=\"uagb-ifb-content\"><div class=\"uagb-ifb-title-wrap\"><h1 class=\"uagb-ifb-title-prefix\">\u00bfCu\u00e1l ser\u00e1 tu pr\u00f3ximo<\/h1><h1 class=\"uagb-ifb-title\">Destino?<\/h1><\/div><p class=\"uagb-ifb-desc\">Emb\u00e1rcate en una nueva aventura<\/p><\/div><\/div><\/div>\n<\/div><\/div>\n\n\n\n<div class=\"wp-block-uagb-container uagb-block-5fcee4f8 alignfull uagb-is-root-container\"><div class=\"uagb-container-inner-blocks-wrap\">\n<div class=\"wp-block-uagb-advanced-heading uagb-block-2b5f3149\"><h2 class=\"uagb-heading-text\">Recomendados de D'travel<\/h2><div class=\"uagb-separator\"><\/div><\/div>\n\n\n\n<div class=\"wp-block-uagb-container uagb-block-4a8e1942\">\n<div class=\"wp-block-uagb-container uagb-block-c988f562\">\n<div class=\"wp-block-uagb-image alignleft uagb-block-a35d235b wp-block-uagb-image--layout-default wp-block-uagb-image--effect-static wp-block-uagb-image--align-left\"><figure class=\"wp-block-uagb-image__figure\"><img decoding=\"async\" srcset=\"https:\/\/dtravelsas.com\/wp-content\/uploads\/2024\/06\/1000237844_0460bf9188bf19b2369964af33a91c7e-2_4_2024-9_22_50-p.-m.jpg ,https:\/\/dtravelsas.com\/wp-content\/uploads\/2024\/06\/1000237844_0460bf9188bf19b2369964af33a91c7e-2_4_2024-9_22_50-p.-m.jpg 780w, https:\/\/dtravelsas.com\/wp-content\/uploads\/2024\/06\/1000237844_0460bf9188bf19b2369964af33a91c7e-2_4_2024-9_22_50-p.-m.jpg 360w\" sizes=\"auto, (max-width: 480px) 150px\" src=\"https:\/\/dtravelsas.com\/wp-content\/uploads\/2024\/06\/1000237844_0460bf9188bf19b2369964af33a91c7e-2_4_2024-9_22_50-p.-m.jpg\" alt=\"\" class=\"uag-image-2241\" width=\"373\" height=\"464\" title=\"1000237844_0460bf9188bf19b2369964af33a91c7e-2_4_2024, 9_22_50 p.\u00a0m.\" loading=\"lazy\" role=\"img\"\/><\/figure><\/div>\n\n\n\n<div class=\"wp-block-uagb-advanced-heading uagb-block-b07219d5\"><h3 class=\"uagb-heading-text\">Cove\u00f1as<\/h3><p class=\"uagb-desc-text\">Descubre la magia costera de este hermoso lugar.<\/p><\/div>\n<\/div>\n\n\n\n<div class=\"wp-block-uagb-container uagb-block-0ad6ff4e\">\n<div class=\"wp-block-uagb-image alignleft uagb-block-930d8e85 wp-block-uagb-image--layout-default wp-block-uagb-image--effect-static wp-block-uagb-image--align-left\"><figure class=\"wp-block-uagb-image__figure\"><img decoding=\"async\" srcset=\"https:\/\/dtravelsas.com\/wp-content\/uploads\/2024\/06\/1000242684_18e3e5d15e6f09df96ade7d43b6d6a98-12_4_2024-8_31_30-p.-m-683x1024.jpg ,https:\/\/dtravelsas.com\/wp-content\/uploads\/2024\/06\/1000242684_18e3e5d15e6f09df96ade7d43b6d6a98-12_4_2024-8_31_30-p.-m.jpg 780w, https:\/\/dtravelsas.com\/wp-content\/uploads\/2024\/06\/1000242684_18e3e5d15e6f09df96ade7d43b6d6a98-12_4_2024-8_31_30-p.-m.jpg 360w\" sizes=\"auto, (max-width: 480px) 150px\" src=\"https:\/\/dtravelsas.com\/wp-content\/uploads\/2024\/06\/1000242684_18e3e5d15e6f09df96ade7d43b6d6a98-12_4_2024-8_31_30-p.-m-683x1024.jpg\" alt=\"\" class=\"uag-image-2243\" width=\"373\" height=\"464\" title=\"1000242684_18e3e5d15e6f09df96ade7d43b6d6a98-12_4_2024, 8_31_30 p.\u00a0m.\" loading=\"lazy\" role=\"img\"\/><\/figure><\/div>\n\n\n\n<div class=\"wp-block-uagb-advanced-heading uagb-block-3974de5a\"><h3 class=\"uagb-heading-text\">Comuna 13<\/h3><p class=\"uagb-desc-text\">La m\u00fasica y el arte, la nueva forma de expresarse y vivir en paz.<\/p><\/div>\n<\/div>\n\n\n\n<div class=\"wp-block-uagb-container uagb-block-48a31e6a\">\n<div class=\"wp-block-uagb-image alignleft uagb-block-2675d6b0 wp-block-uagb-image--layout-default wp-block-uagb-image--effect-static wp-block-uagb-image--align-left\"><figure class=\"wp-block-uagb-image__figure\"><img decoding=\"async\" srcset=\"https:\/\/dtravelsas.com\/wp-content\/uploads\/2024\/06\/1000239654_c51b01a19ddaaca5ab95bf4b3dde2fbe-8_4_2024-6_12_46-p.-m.jpg ,https:\/\/dtravelsas.com\/wp-content\/uploads\/2024\/06\/1000239654_c51b01a19ddaaca5ab95bf4b3dde2fbe-8_4_2024-6_12_46-p.-m.jpg 780w, https:\/\/dtravelsas.com\/wp-content\/uploads\/2024\/06\/1000239654_c51b01a19ddaaca5ab95bf4b3dde2fbe-8_4_2024-6_12_46-p.-m.jpg 360w\" sizes=\"auto, (max-width: 480px) 150px\" src=\"https:\/\/dtravelsas.com\/wp-content\/uploads\/2024\/06\/1000239654_c51b01a19ddaaca5ab95bf4b3dde2fbe-8_4_2024-6_12_46-p.-m.jpg\" alt=\"\" class=\"uag-image-2242\" width=\"373\" height=\"464\" title=\"1000239654_c51b01a19ddaaca5ab95bf4b3dde2fbe-8_4_2024, 6_12_46 p.\u00a0m.\" loading=\"lazy\" role=\"img\"\/><\/figure><\/div>\n\n\n\n<div class=\"wp-block-uagb-advanced-heading uagb-block-8f982c10\"><h3 class=\"uagb-heading-text\">Guatap\u00e9 <\/h3><p class=\"uagb-desc-text\">Uno de los atractivos tur\u00edsticos m\u00e1s importantes para visitar.<\/p><\/div>\n<\/div>\n<\/div>\n<\/div><\/div>\n\n\n\n<div class=\"wp-block-uagb-container uagb-block-fb32e4bf alignfull uagb-is-root-container\"><div class=\"uagb-container-inner-blocks-wrap\">\n<div class=\"wp-block-uagb-image aligncenter uagb-block-052b1f4c wp-block-uagb-image--layout-default wp-block-uagb-image--effect-static wp-block-uagb-image--align-center\"><figure class=\"wp-block-uagb-image__figure\"><img decoding=\"async\" srcset=\"https:\/\/dtravelsas.com\/wp-content\/uploads\/2021\/11\/quotes.svg ,https:\/\/dtravelsas.com\/wp-content\/uploads\/2021\/11\/quotes.svg 780w, https:\/\/dtravelsas.com\/wp-content\/uploads\/2021\/11\/quotes.svg 360w\" sizes=\"auto, (max-width: 480px) 150px\" src=\"https:\/\/dtravelsas.com\/wp-content\/uploads\/2021\/11\/quotes.svg\" alt=\"\" class=\"uag-image-117\" width=\"37\" height=\"38\" title=\"quotes\" loading=\"lazy\" role=\"img\"\/><\/figure><\/div>\n\n\n\n<div class=\"wp-block-uagb-info-box uagb-block-54aaf525 uagb-infobox__content-wrap  uagb-infobox-icon-below-title uagb-infobox-image-valign-top\"><div class=\"uagb-ifb-content\"><div class=\"uagb-ifb-title-wrap\"><h4 class=\"uagb-ifb-title\">\"Reservar mis vacaciones a trav\u00e9s de D\u2019travel fue la mejor decisi\u00f3n que pude tomar. El equipo estuvo atento a todas mis necesidades y se asegur\u00f3 de que todo saliera bien. \u00a1No puedo esperar para mi pr\u00f3xima aventura con ellos!\"<\/h4><\/div><div class=\"uagb-ifb-image-content\"><img decoding=\"async\" src=\"https:\/\/dtravelsas.com\/wp-content\/uploads\/2024\/06\/1718402099501.png\" alt=\"\" width=\"50\" height=\"52\" loading=\"lazy\"\/><\/div><p class=\"uagb-ifb-desc\">Mar\u00eda Garc\u00eda<\/p><\/div><\/div>\n<\/div><\/div>\n\n\n\n<div class=\"wp-block-uagb-container uagb-layout-grid uagb-block-0186287e alignfull uagb-is-root-container\"><div class=\"uagb-container-inner-blocks-wrap\">\n<div class=\"wp-block-uagb-info-box uagb-block-03550eeb uagb-infobox__content-wrap  uagb-infobox-icon-above-title uagb-infobox-image-valign-top wp-block-uagb-info-box--has-margin\"><div class=\"uagb-infobox-margin-wrapper\"><div class=\"uagb-ifb-content\"><div class=\"uagb-ifb-title-wrap\"><span class=\"uagb-ifb-title-prefix\">Acerca de Nosotros<\/span><h4 class=\"uagb-ifb-title\">D&#8217; TRAVEL<\/h4><\/div><p class=\"uagb-ifb-desc\">Somos una agencia de viajes dedicada a hacer realidad tus sue\u00f1os, brindando experiencias personalizadas adaptadas a tus deseos y necesidades. Con un equipo de entusiastas de los viajes, te ofrecemos un servicio excelente y atenci\u00f3n al detalle en cada paso de tu aventura.<br>Estamos comprometidos a ofrecerte experiencias aut\u00e9nticas y enriquecedoras, siempre respetando la cultura y el entorno de cada destino. Nuestra prioridad es tu satisfacci\u00f3n y felicidad, por lo que cada viaje que organizamos est\u00e1 dise\u00f1ado para superar tus expectativas.<\/p><div class=\"uagb-ifb-button-wrapper wp-block-button\"><a href=\"https:\/\/api.whatsapp.com\/send?phone=573216737988\" class=\"uagb-infobox-cta-link wp-block-button__link\" target=\"_self\" rel=\"noopener noreferrer\" onclick=\"return true;\"><span class=\"uagb-inline-editing\">Descubre M\u00e1s<\/span><\/a><\/div><\/div><\/div><\/div>\n\n\n\n<div class=\"wp-block-uagb-image alignright uagb-block-37933192 wp-block-uagb-image--layout-default wp-block-uagb-image--effect-static wp-block-uagb-image--align-right\"><figure class=\"wp-block-uagb-image__figure\"><img decoding=\"async\" srcset=\"https:\/\/dtravelsas.com\/wp-content\/uploads\/2024\/06\/1000261594_b2f8a28ee66bcb952a5cb83dd28532c6-16_5_2024-1_10_21-a.-m.jpg ,https:\/\/dtravelsas.com\/wp-content\/uploads\/2024\/06\/1000261594_b2f8a28ee66bcb952a5cb83dd28532c6-16_5_2024-1_10_21-a.-m.jpg 780w, https:\/\/dtravelsas.com\/wp-content\/uploads\/2024\/06\/1000261594_b2f8a28ee66bcb952a5cb83dd28532c6-16_5_2024-1_10_21-a.-m.jpg 360w\" sizes=\"auto, (max-width: 480px) 150px\" src=\"https:\/\/dtravelsas.com\/wp-content\/uploads\/2024\/06\/1000261594_b2f8a28ee66bcb952a5cb83dd28532c6-16_5_2024-1_10_21-a.-m.jpg\" alt=\"\" class=\"uag-image-2247\" width=\"647\" height=\"785\" title=\"1000261594_b2f8a28ee66bcb952a5cb83dd28532c6-16_5_2024, 1_10_21 a.\u00a0m.\" loading=\"lazy\" role=\"img\"\/><\/figure><\/div>\n<\/div><\/div>","protected":false},"excerpt":{"rendered":"<p>Recommended by D&#8217;travel Cove\u00f1as Discover the coastal magic of this beautiful place. Comuna 13 Music and art, the new way to express oneself and live in peace. Guatap\u00e9 One of the most important tourist attractions to visit.<\/p>","protected":false},"author":1,"featured_media":0,"parent":0,"menu_order":0,"comment_status":"closed","ping_status":"closed","template":"","meta":{"_uag_custom_page_level_css":"","site-sidebar-layout":"no-sidebar","site-content-layout":"page-builder","ast-site-content-layout":"full-width-container","site-content-style":"unboxed","site-sidebar-style":"unboxed","ast-global-header-display":"","ast-banner-title-visibility":"","ast-main-header-display":"","ast-hfb-above-header-display":"","ast-hfb-below-header-display":"","ast-hfb-mobile-header-display":"","site-post-title":"disabled","ast-breadcrumbs-content":"","ast-featured-img":"disabled","footer-sml-layout":"","ast-disable-related-posts":"","theme-transparent-header-meta":"enabled","adv-header-id-meta":"","stick-header-meta":"","header-above-stick-meta":"","header-main-stick-meta":"","header-below-stick-meta":"","astra-migrate-meta-layouts":"set","ast-page-background-enabled":"default","ast-page-background-meta":{"desktop":{"background-color":"var(--ast-global-color-4)","background-image":"","background-repeat":"repeat","background-position":"center center","background-size":"auto","background-attachment":"scroll","background-type":"","background-media":"","overlay-type":"","overlay-color":"","overlay-opacity":"","overlay-gradient":""},"tablet":{"background-color":"","background-image":"","background-repeat":"repeat","background-position":"center center","background-size":"auto","background-attachment":"scroll","background-type":"","background-media":"","overlay-type":"","overlay-color":"","overlay-opacity":"","overlay-gradient":""},"mobile":{"background-color":"","background-image":"","background-repeat":"repeat","background-position":"center center","background-size":"auto","background-attachment":"scroll","background-type":"","background-media":"","overlay-type":"","overlay-color":"","overlay-opacity":"","overlay-gradient":""}},"ast-content-background-meta":{"desktop":{"background-color":"var(--ast-global-color-5)","background-image":"","background-repeat":"repeat","background-position":"center center","background-size":"auto","background-attachment":"scroll","background-type":"","background-media":"","overlay-type":"","overlay-color":"","overlay-opacity":"","overlay-gradient":""},"tablet":{"background-color":"var(--ast-global-color-5)","background-image":"","background-repeat":"repeat","background-position":"center center","background-size":"auto","background-attachment":"scroll","background-type":"","background-media":"","overlay-type":"","overlay-color":"","overlay-opacity":"","overlay-gradient":""},"mobile":{"background-color":"var(--ast-global-color-5)","background-image":"","background-repeat":"repeat","background-position":"center center","background-size":"auto","background-attachment":"scroll","background-type":"","background-media":"","overlay-type":"","overlay-color":"","overlay-opacity":"","overlay-gradient":""}},"_joinchat":[],"footnotes":""},"class_list":["post-1640","page","type-page","status-publish","hentry"],"uagb_featured_image_src":{"full":false,"thumbnail":false,"medium":false,"medium_large":false,"large":false,"1536x1536":false,"2048x2048":false,"trp-custom-language-flag":false},"uagb_author_info":{"display_name":"dtravel","author_link":"https:\/\/dtravelsas.com\/es\/author\/dtravel\/"},"uagb_comment_info":0,"uagb_excerpt":"Recommended by D&#8217;travel Cove\u00f1as Discover the coastal magic of this beautiful place. Comuna 13 Music and art, the new way to express oneself and live in peace. Guatap\u00e9 One of the most important tourist attractions to visit.","_links":{"self":[{"href":"https:\/\/dtravelsas.com\/es\/wp-json\/wp\/v2\/pages\/1640","targetHints":{"allow":["GET"]}}],"collection":[{"href":"https:\/\/dtravelsas.com\/es\/wp-json\/wp\/v2\/pages"}],"about":[{"href":"https:\/\/dtravelsas.com\/es\/wp-json\/wp\/v2\/types\/page"}],"author":[{"embeddable":true,"href":"https:\/\/dtravelsas.com\/es\/wp-json\/wp\/v2\/users\/1"}],"replies":[{"embeddable":true,"href":"https:\/\/dtravelsas.com\/es\/wp-json\/wp\/v2\/comments?post=1640"}],"version-history":[{"count":14,"href":"https:\/\/dtravelsas.com\/es\/wp-json\/wp\/v2\/pages\/1640\/revisions"}],"predecessor-version":[{"id":2378,"href":"https:\/\/dtravelsas.com\/es\/wp-json\/wp\/v2\/pages\/1640\/revisions\/2378"}],"wp:attachment":[{"href":"https:\/\/dtravelsas.com\/es\/wp-json\/wp\/v2\/media?parent=1640"}],"curies":[{"name":"wp","href":"https:\/\/api.w.org\/{rel}","templated":true}]}}